{"id":56971,"date":"2021-08-11T14:37:14","date_gmt":"2021-08-11T11:37:14","guid":{"rendered":"https:\/\/tants.huvila.ee\/esileht\/?page_id=56971"},"modified":"2023-09-06T10:04:05","modified_gmt":"2023-09-06T07:04:05","slug":"soolod-duod","status":"publish","type":"page","link":"https:\/\/tants.huvila.ee\/esileht\/soolod-duod\/","title":{"rendered":"Soolod &#038; Duod"},"content":{"rendered":"<p>[vc_row][vc_column width=&#8221;2\/3&#8243;][vc_column_text]<\/p>\n<p><strong><\/p>\n<p>SOOLOD-DUOD<\/p>\n<p><\/strong><\/p>\n<p>Soolode ja duode soovijad, palume saata enda sooviavaldus: diva@diva.ee<\/p>\n<p>Sellest hooajast stardib Diva Tantsustuudios soolo\/duotantsijate treeninggrupp, kus keskendutakse just \u00fcksi v\u00f5i duopartneriga esinemise ja v\u00f5istluste ettevalmistusele, julgustatakse leidma oma tantsukeelt, arendatakse ka soolotantsijale tantsutehnikat ja akrobaatlisi oskusi.<br \/>Soolo\/duotantsijate treeninggrupi tantsijad saavad valida kahe p\u00f5hifookuse vahel: individuaal tantsukava v\u00f5i osalemine individuaalselt improvistatsiooni voorudes.<\/p>\n<p><strong><\/p>\n<p>PERSONAALNE TANTSUKOREOGRAAFIA<br \/><\/strong><br \/>kategooriad: lyrical jazz, contemporary v\u00f5i show-tants<br \/>Igale lapsele koostatakse 1:1-le personaalne tantsukoreograafia, mis on \u00fclesehitatud v\u00f5istluskava n\u00f5uetele, igal kaval on kindel teema ja lugu.<br \/>Soolo\/duotamise v\u00e4ljund on v\u00f5istlustel ja esinemistel osalemine n\u00e4iteks- Spotlight challange, Dancestar, Tantsuol\u00fcmpia, Happy Dancers Baltic Cup jne.<\/p>\n<p>Soolo\/duotantsijate treeninggruppis osalemisel peab arvestama j\u00e4rgmiste kuludega:<br \/>esmane personaalne tantskoreograafia koostamine ning 2h personaaltrenni kava esmaseks omandamiseks; hind: 120\u20ac (v\u00f5imalik tasuda mitmes osas, v\u00f5i hooaja jooksul lisandub kuutasu +15\u20ac kuu)<br \/>kost\u00fc\u00fcm + vajadusel rekvisiit; hind: 20-50.-<br \/>v\u00f5istluskulud; keskelt l\u00e4bi 20,-\/start<br \/>soolo\/duotantsijate treeninggruppi maksumus 1x ndl 1,5-2h korraga okt-mai; hind 49\u20ac\/kuu<\/p>\n<p>Kategooriate kirjeldused:<br \/>Lyrical\/ Contemporary jazz- tantsu muusika on l\u00fc\u00fcrilist laadi, kus hinnatakse tantsu ideed, d\u00fcnaamikat, esituse emotsiooni, kost\u00fc\u00fcmi, tantsija stiilitunnetust, jazzi tehnikate valdamist, r\u00fctmitunnetust, liigutuste mitmekesisust, esineja artistlikkust ja esteetilisust.<br \/>N\u00e4ited:<br \/>https:\/\/www.youtube.com\/watch?v=TRmEpN7GZcc<br \/>https:\/\/www.youtube.com\/watch?v=lUV3uq7Xy7M<\/p>\n<p>Show tants- olulisel kohal on kindla karakteri edasiandmine, loojutustamine ja stiilipuhas esitus. Muusika osas piirangud puuduvad, sobib k\u00f5ik, mis toetab terviklikku lahendust. Showtantsu puhul hinnatakse tantsuideed, d\u00fcnaamikat, esituse emotsiooni ja kost\u00fc\u00fcmi, tantsija stiilitunnetust r\u00fctmitunnetust, liigutuste mitmekesisust, esineja artistlikkust ja esteetilisust.<br \/>N\u00e4ited:<br \/>https:\/\/www.youtube.com\/watch?v=X50CYnI1hPU<br \/>https:\/\/www.youtube.com\/watch?v=ED73Ag9Ws2Q<\/p>\n<p><strong><\/p>\n<p>IMPROVISATSIOONI SUUND<br \/><\/strong><\/p>\n<p>Lyrical jazz\/Contemporary\/Show\/Pop &#8211; muusika on k\u00f5igile \u00fchine ning varieerub eri voorudes.<br \/>\u00dches voorus tantsitakse 3 korda, esimesed 30 sekundit suures grupis, seej\u00e4rel minut v\u00e4iksemates gruppides ning vooru l\u00f5pus on taas aega 30 sekundit suures grupis.<br \/>Impovisatsioonilise soolo antud kategoorias saab tantsija demonstreerida oma tantsutehnilist v\u00f5imekust ja emotsionaalsust. Fookuses on tantsutehnika- h\u00fcpped ja p\u00f6\u00f6rded ning k\u00e4te ja jalgade hoitus. T\u00e4htis on kiire kohanemine eri muusika ja meeleoludega, variatiivsus ning musikaalsus.<br \/>https:\/\/www.youtube.com\/watch?v=_Q4-lftbFd4<br \/>https:\/\/www.youtube.com\/watch?v=eRL4nUZll_U<\/p>\n<p>P\u00e4rast sooviavalduse saatmist, hindab lapse valmidust soolode\/ duodega v\u00f5istlemiseks treener.<\/p>\n<p>[\/vc_column_text][\/vc_column][vc_column width=&#8221;1\/3&#8243;][vc_single_image image=&#8221;58560&#8243; img_size=&#8221;medium&#8221;][vc_single_image image=&#8221;58581&#8243; img_size=&#8221;medium&#8221;][vc_single_image image=&#8221;58196&#8243; img_size=&#8221;medium&#8221;][vc_single_image image=&#8221;58563&#8243; img_size=&#8221;medium&#8221;][vc_single_image image=&#8221;58584&#8243; img_size=&#8221;medium&#8221;][\/vc_column][\/vc_row][vc_row][vc_column][\/vc_column][\/vc_row]<\/p>\n","protected":false},"excerpt":{"rendered":"<p>[vc_row][vc_column width=&#8221;2\/3&#8243;][vc_column_text] SOOLOD-DUOD Soolode ja duode soovijad, palume saata enda sooviavaldus: diva@diva.ee Sellest hooajast stardib Diva Tantsustuudios soolo\/duotantsijate treeninggrupp, kus keskendutakse just \u00fcksi v\u00f5i duopartneriga esinemise ja v\u00f5istluste ettevalmistusele, julgustatakse leidma oma tantsukeelt, arendatakse ka soolotantsijale tantsutehnikat ja akrobaatlisi oskusi.Soolo\/duotantsijate treeninggrupi tantsijad saavad valida kahe p\u00f5hifookuse vahel: individuaal tantsukava v\u00f5i [&hellip;]<\/p>\n","protected":false},"author":1,"featured_media":0,"parent":0,"menu_order":0,"comment_status":"closed","ping_status":"closed","template":"","meta":[],"_links":{"self":[{"href":"https:\/\/tants.huvila.ee\/esileht\/wp-json\/wp\/v2\/pages\/56971"}],"collection":[{"href":"https:\/\/tants.huvila.ee\/esileht\/wp-json\/wp\/v2\/pages"}],"about":[{"href":"https:\/\/tants.huvila.ee\/esileht\/wp-json\/wp\/v2\/types\/page"}],"author":[{"embeddable":true,"href":"https:\/\/tants.huvila.ee\/esileht\/wp-json\/wp\/v2\/users\/1"}],"replies":[{"embeddable":true,"href":"https:\/\/tants.huvila.ee\/esileht\/wp-json\/wp\/v2\/comments?post=56971"}],"version-history":[{"count":9,"href":"https:\/\/tants.huvila.ee\/esileht\/wp-json\/wp\/v2\/pages\/56971\/revisions"}],"predecessor-version":[{"id":58592,"href":"https:\/\/tants.huvila.ee\/esileht\/wp-json\/wp\/v2\/pages\/56971\/revisions\/58592"}],"wp:attachment":[{"href":"https:\/\/tants.huvila.ee\/esileht\/wp-json\/wp\/v2\/media?parent=56971"}],"curies":[{"name":"wp","href":"https:\/\/api.w.org\/{rel}","templated":true}]}}