{"id":57462,"date":"2022-08-09T11:34:56","date_gmt":"2022-08-09T08:34:56","guid":{"rendered":"https:\/\/tants.huvila.ee\/esileht\/?page_id=57462"},"modified":"2024-08-07T16:10:08","modified_gmt":"2024-08-07T13:10:08","slug":"grupid-3","status":"publish","type":"page","link":"https:\/\/tants.huvila.ee\/esileht\/grupid-3\/","title":{"rendered":"GRUPID"},"content":{"rendered":"<p>[vc_row][vc_column][vc_separator][\/vc_column][\/vc_row][vc_row][vc_column][\/vc_column][\/vc_row][vc_row][vc_column width=&#8221;1\/2&#8243;][vc_single_image image=&#8221;58129&#8243; img_size=&#8221;large&#8221;][\/vc_column][vc_column width=&#8221;1\/2&#8243;][vc_custom_heading text=&#8221;MINIDE TRENNID&#8221; font_container=&#8221;tag:h2|font_size:25|text_align:left&#8221; use_theme_fonts=&#8221;yes&#8221;][vc_column_text]Gruppi on oodatud k\u00f5ik lapsed, kes tahavad tantsida ja sellest r\u00f5\u00f5mu tunda.<br \/>\nMinide grupis pannakse alus ilusale r\u00fchile, heale painduvusele, kordinatsioonile ja \u00fcldf\u00fc\u00fcsilisele vormile.<br \/>\n\u00d5pitakse vahvaid lapsemeelseid tantsukavasid, tehakse tutvust lihtsamate v\u00f5imlemiselementidega (sild, hundiratas, kukerpall jne).<br \/>\nTunnid arendavad r\u00fctmitunnet, painduvust, lihast\u00f6\u00f6d ja tantsulisi oskusi.<\/p>\n<p>Mindi Keila Kool grupp v\u00f5tab osa hooaja jooksul v\u00f5istlustest.<\/p>\n<p>Minid lasteaia grupid ei v\u00f5ta osa v\u00f5istlustest.[\/vc_column_text][vc_btn title=&#8221;TASUTA PROOVITRENN&#8221; style=&#8221;flat&#8221; color=&#8221;inverse&#8221; link=&#8221;url:https%3A%2F%2Ftants.huvila.ee%2Fesileht%2Fregistreeri-proovitrenni%2F|||&#8221;][\/vc_column][\/vc_row][vc_row][vc_column width=&#8221;1\/2&#8243;][vc_single_image image=&#8221;58887&#8243; img_size=&#8221;large&#8221;][\/vc_column][vc_column width=&#8221;1\/2&#8243;][vc_custom_heading text=&#8221;SHOWTANTS (Lapsed &#038; Noored grupid)&#8221; font_container=&#8221;tag:h2|font_size:25|text_align:left&#8221; use_theme_fonts=&#8221;yes&#8221; link=&#8221;url:https%3A%2F%2Ftants.huvila.ee%2Fesileht%2Fregistreeru%2F|||&#8221;][vc_column_text]Grupid on m\u00f5eldud neile, kes soovivad lihtsalt tantsida ja nautida trenne kergemal tasemel ilma v\u00f5istluskoormuseta. Oodatud on liituma ka ilma varasema tantsulise kogemuseta huvilised. Showtantsu tunnid on inspireeritud ja kombineeritud erinevatest tantsustiilidest. Arendatakse mitmek\u00fclgsete harjutustega \u00fcldiseid kehalisi v\u00f5imeid. \u00d5pitakse r\u00fctmitunnet ning arendatakse tantsulisi oskusi (sh ka painduvust ja \u00fcldf\u00fc\u00fcsilist). Samuti p\u00f6\u00f6ratakse t\u00e4helepanu ka julgusele, koost\u00f6\u00f6le ja enesev\u00e4ljendusele.<\/p>\n<p>Trennid toimuvad Keila Koolis ja Keila Tervisekeskuses.<\/p>\n<p>Lapsed vanusegrupp 7-10 eluaastat.<br \/>\nNoored vanusegrupp 11-15 eluaastat. (treener v\u00f5ib suunata ka alates 10.a vanusest edasij\u00f5udnud tantsijaid)[\/vc_column_text][vc_btn title=&#8221;TASUTA PROOVITRENN&#8221; style=&#8221;flat&#8221; color=&#8221;inverse&#8221; link=&#8221;url:https%3A%2F%2Ftants.huvila.ee%2Fesileht%2Fregistreeri-proovitrenni%2F|||&#8221;][\/vc_column][\/vc_row][vc_row][vc_column][\/vc_column][\/vc_row][vc_row][vc_column width=&#8221;1\/2&#8243;][vc_single_image image=&#8221;58888&#8243; img_size=&#8221;large&#8221;][\/vc_column][vc_column width=&#8221;1\/2&#8243;][vc_custom_heading text=&#8221;V\u00d5ISTLUSGRUPID (Lapsed &#038; Noored)&#8221; font_container=&#8221;tag:h2|font_size:25|text_align:left&#8221; use_theme_fonts=&#8221;yes&#8221;][vc_column_text]V\u00f5istlusgrupid on suunatud tantsuhuvilistele, kel on varasem tantsukogemus ja soovivad tantsida tugevamal tasemel ning v\u00f5tta osa mitmetest p\u00f5nevatest v\u00f5istlustest.<\/p>\n<p>LAPSED &#8211; Vanusegrupp 7.-10. aastased. Grupi stiili r\u00f5hk on jazz tantsul, mis h\u00f5lmab endas ka tantsutehnikat ja ettevalmistavat \u00fcldf\u00fc\u00fcsilist treeningut sh. venitused ja akrobaatika. Treeningul v\u00f5idakse juurde v\u00f5tta ka show koreograafiaid.<\/p>\n<p>NOORED &#8211; Vanusegrupp 11.-15. aastased. (v\u00f5ib ka liituda edasij\u00f5udnud 10a.) Grupi stiili r\u00f5hk on showtantsul kombineeritud cheeri stiilidega, mis h\u00f5lmab endas ka tantsutehnikat ja ettevalmistavat \u00fcldf\u00fc\u00fcsilist treeningut sh. ka venitused.[\/vc_column_text][vc_btn title=&#8221;TASUTA PROOVITRENN&#8221; style=&#8221;flat&#8221; color=&#8221;inverse&#8221; link=&#8221;url:https%3A%2F%2Ftants.huvila.ee%2Fesileht%2Fregistreeri-proovitrenni%2F|||&#8221;][\/vc_column][\/vc_row][vc_row][vc_column width=&#8221;1\/2&#8243;][vc_single_image image=&#8221;58262&#8243; img_size=&#8221;large&#8221;][\/vc_column][vc_column width=&#8221;1\/2&#8243;][vc_custom_heading text=&#8221;ALLSHOW CHEERLEADERS&#8221; font_container=&#8221;tag:h2|font_size:25|text_align:left&#8221; use_theme_fonts=&#8221;yes&#8221;][vc_column_text]<\/p>\n<p>AllShow Cheerleaderite grupp on m\u00f5eldud t\u00e4iskasvanud edasij\u00f5udnud tantsijatele. V\u00f5imalik liitumine alates 16+ eluaastast.<br \/>Gruppi iseloomustab professionaalsus, energia, r\u00f5\u00f5msameelsus ja tiimit\u00f6\u00f6.<br \/>Astutakse \u00fcles korvpallim\u00e4ngudel ja osaletakse erinevates projektides (videoprojektid, artistidega koost\u00f6\u00f6, lavashow, spordi\u00fcritused jne) <\/p>\n<p>Treeningute p\u00f5hir\u00f5hk on erinevates stiilides koreograafiate omandamisel ja arendamisel. <\/p>\n<p>Tutvu l\u00e4hemalt: www.instagram.com\/allshow_cheerleaders <\/p>\n<p>Trennid toimuvad Keila Koolis<\/p>\n<p>[\/vc_column_text][vc_btn title=&#8221;TASUTA PROOVITRENN&#8221; style=&#8221;flat&#8221; color=&#8221;inverse&#8221; link=&#8221;url:https%3A%2F%2Ftants.huvila.ee%2Fesileht%2Fregistreeri-proovitrenni%2F|||&#8221;][\/vc_column][\/vc_row][vc_row][vc_column width=&#8221;1\/2&#8243;][vc_single_image image=&#8221;58264&#8243; img_size=&#8221;large&#8221;][\/vc_column][vc_column width=&#8221;1\/2&#8243;][vc_custom_heading text=&#8221;CHEER SHOW&#8221; font_container=&#8221;tag:h2|font_size:25|text_align:left&#8221; use_theme_fonts=&#8221;yes&#8221;][vc_column_text]Cheer Show, ettevalmistav grupp AllShow esinduseks. Grupis \u00f5pime mitmek\u00fclgseid oskusi nagu akrobaatilised elemendid ja erinevate tantsustiilide valdamist. R\u00f5hku pannakse palju ka energia ning enesev\u00e4ljendusele. Grupi hooaja eesm\u00e4rk on v\u00f5istelda Eesti Meistriv\u00f5istlustel cheer hip-hop kategoorias (cheer performance tantsustiilis).<br \/>\nGrupiga ootame liituma vaid varasema tantsukogemusega alates 13+ eluaastast. Gruppi sobivust otsustab treener.<\/p>\n<p>Diva kuulub Eesti Cheerleadingu liitu ning on saavutanud aastal 2022 Eesti Meistriv\u00f5istlustel 3. koha.[\/vc_column_text][vc_btn title=&#8221;TASUTA PROOVITRENN&#8221; style=&#8221;flat&#8221; color=&#8221;inverse&#8221; link=&#8221;url:https%3A%2F%2Ftants.huvila.ee%2Fesileht%2Fregistreeri-proovitrenni%2F|||&#8221;][\/vc_column][\/vc_row][vc_row][vc_column width=&#8221;1\/2&#8243;][vc_single_image image=&#8221;58174&#8243; img_size=&#8221;large&#8221;][\/vc_column][vc_column width=&#8221;1\/2&#8243;][vc_custom_heading text=&#8221;HEELS &#038; PERFORMANCE (ei stardi)&#8221; font_container=&#8221;tag:h2|font_size:25|text_align:left&#8221; use_theme_fonts=&#8221;yes&#8221;][vc_column_text]Heels on \u00fcks kord n\u00e4dalas toimuv treening, mis on m\u00f5eldud t\u00e4iskasvanutele, kes tahavad lihtsalt tantsimist nautida ja areneda.<br \/>\nM\u00e4rkss\u00f5nadeks on naiselikkus, v\u00fcrtsikus ja enesekindlus. Heels treeningud toovad sinus v\u00e4lja naiselikkuse, arenedavad julgust ning arendavad koreograafiaoskusi, otseloomulikult tagab parema vormi ning energialaengu. Tantsitakse nii kontsadel, kui ka performance tundides ka tossudes.<br \/>\nAlustatakse kergematest koreograafiadest ja liigutakse hooja jooksul raskusastet t\u00f5stes.<br \/>\nKolmap\u00e4eval kell 19.00-20.15 Keila Kooli aeroobikasaalis.<\/p>\n<p>Registreeri proovi trenni <a href=\"https:\/\/tants.huvila.ee\/esileht\/registreeri-proovitrenni\/\">siin<\/a>.<br \/>\nRegistreeri kohe gruppi <a href=\"https:\/\/tants.huvila.ee\/esileht\/heels-performance-registreerimine\/\">siin<\/a>[\/vc_column_text][vc_btn title=&#8221;TASUTA PROOVITRENN&#8221; style=&#8221;flat&#8221; color=&#8221;inverse&#8221; link=&#8221;url:https%3A%2F%2Ftants.huvila.ee%2Fesileht%2Fregistreeri-proovitrenni%2F|||&#8221;][\/vc_column][\/vc_row]<\/p>\n","protected":false},"excerpt":{"rendered":"<p>[vc_row][vc_column][vc_separator][\/vc_column][\/vc_row][vc_row][vc_column][\/vc_column][\/vc_row][vc_row][vc_column width=&#8221;1\/2&#8243;][vc_single_image image=&#8221;58129&#8243; img_size=&#8221;large&#8221;][\/vc_column][vc_column width=&#8221;1\/2&#8243;][vc_custom_heading text=&#8221;MINIDE TRENNID&#8221; font_container=&#8221;tag:h2|font_size:25|text_align:left&#8221; use_theme_fonts=&#8221;yes&#8221;][vc_column_text]Gruppi on oodatud k\u00f5ik lapsed, kes tahavad tantsida ja sellest r\u00f5\u00f5mu tunda. Minide grupis pannakse alus ilusale r\u00fchile, heale painduvusele, kordinatsioonile ja \u00fcldf\u00fc\u00fcsilisele vormile. \u00d5pitakse vahvaid lapsemeelseid tantsukavasid, tehakse tutvust lihtsamate v\u00f5imlemiselementidega (sild, hundiratas, kukerpall jne). Tunnid arendavad r\u00fctmitunnet, painduvust, lihast\u00f6\u00f6d ja [&hellip;]<\/p>\n","protected":false},"author":1,"featured_media":0,"parent":0,"menu_order":0,"comment_status":"closed","ping_status":"closed","template":"","meta":[],"_links":{"self":[{"href":"https:\/\/tants.huvila.ee\/esileht\/wp-json\/wp\/v2\/pages\/57462"}],"collection":[{"href":"https:\/\/tants.huvila.ee\/esileht\/wp-json\/wp\/v2\/pages"}],"about":[{"href":"https:\/\/tants.huvila.ee\/esileht\/wp-json\/wp\/v2\/types\/page"}],"author":[{"embeddable":true,"href":"https:\/\/tants.huvila.ee\/esileht\/wp-json\/wp\/v2\/users\/1"}],"replies":[{"embeddable":true,"href":"https:\/\/tants.huvila.ee\/esileht\/wp-json\/wp\/v2\/comments?post=57462"}],"version-history":[{"count":46,"href":"https:\/\/tants.huvila.ee\/esileht\/wp-json\/wp\/v2\/pages\/57462\/revisions"}],"predecessor-version":[{"id":58897,"href":"https:\/\/tants.huvila.ee\/esileht\/wp-json\/wp\/v2\/pages\/57462\/revisions\/58897"}],"wp:attachment":[{"href":"https:\/\/tants.huvila.ee\/esileht\/wp-json\/wp\/v2\/media?parent=57462"}],"curies":[{"name":"wp","href":"https:\/\/api.w.org\/{rel}","templated":true}]}}