{"id":58225,"date":"2023-08-03T10:41:45","date_gmt":"2023-08-03T07:41:45","guid":{"rendered":"https:\/\/tants.huvila.ee\/esileht\/?page_id=58225"},"modified":"2023-08-03T14:59:49","modified_gmt":"2023-08-03T11:59:49","slug":"stuudio-riided","status":"publish","type":"page","link":"https:\/\/tants.huvila.ee\/esileht\/stuudio-riided\/","title":{"rendered":"Stuudio riided"},"content":{"rendered":"<p>[vc_row full_width=&#8221;stretch_row_content&#8221; equal_height=&#8221;yes&#8221; content_placement=&#8221;middle&#8221; css=&#8221;.vc_custom_1478010822386{background-color: #dec5d5 !important;}&#8221;][vc_column width=&#8221;1\/6&#8243;][\/vc_column][vc_column width=&#8221;1\/3&#8243;][vc_custom_heading text=&#8221;<strong>Stuudio riided<strong>&#8221; font_container=&#8221;tag:h1|font_size:60|text_align:left|color:%239e5062&#8243; use_theme_fonts=&#8221;yes&#8221; css=&#8221;.vc_custom_1691048865281{padding-bottom: 15px !important;}&#8221;][vc_column_text]Meie stuudio riideid saab n\u00fc\u00fcd mugavalt endale tellida igal ajal l\u00e4bi Evelily tantsupoe. Klikka j\u00e4rgmisele lingile ja leia endale sobivad Diva merchiga riided nii trennideks, vabal ajal kui ka esinemistel k\u00e4imiseks.[\/vc_column_text][vc_btn title=&#8221;Telli siit&#8221; style=&#8221;custom&#8221; custom_background=&#8221;#9e5062&#8243; custom_text=&#8221;#ffffff&#8221; shape=&#8221;round&#8221; link=&#8221;url:https%3A%2F%2Fevelily.com%2Ftootegrupp%2Ftiimiriided%2Fdiva-tantsustuudio%2F|||&#8221;][\/vc_column][vc_column width=&#8221;1\/3&#8243;][vc_single_image image=&#8221;58237&#8243; img_size=&#8221;full&#8221;][\/vc_column][vc_column width=&#8221;1\/6&#8243;][\/vc_column][\/vc_row]<\/p>\n","protected":false},"excerpt":{"rendered":"<p>[vc_row full_width=&#8221;stretch_row_content&#8221; equal_height=&#8221;yes&#8221; content_placement=&#8221;middle&#8221; css=&#8221;.vc_custom_1478010822386{background-color: #dec5d5 !important;}&#8221;][vc_column width=&#8221;1\/6&#8243;][\/vc_column][vc_column width=&#8221;1\/3&#8243;][vc_custom_heading text=&#8221;Stuudio riided&#8221; font_container=&#8221;tag:h1|font_size:60|text_align:left|color:%239e5062&#8243; use_theme_fonts=&#8221;yes&#8221; css=&#8221;.vc_custom_1691048865281{padding-bottom: 15px !important;}&#8221;][vc_column_text]Meie stuudio riideid saab n\u00fc\u00fcd mugavalt endale tellida igal ajal l\u00e4bi Evelily tantsupoe. Klikka j\u00e4rgmisele lingile ja leia endale sobivad Diva merchiga riided nii trennideks, vabal ajal kui ka esinemistel k\u00e4imiseks.[\/vc_column_text][vc_btn title=&#8221;Telli siit&#8221; style=&#8221;custom&#8221; custom_background=&#8221;#9e5062&#8243; [&hellip;]<\/p>\n","protected":false},"author":1,"featured_media":0,"parent":0,"menu_order":0,"comment_status":"closed","ping_status":"closed","template":"","meta":[],"_links":{"self":[{"href":"https:\/\/tants.huvila.ee\/esileht\/wp-json\/wp\/v2\/pages\/58225"}],"collection":[{"href":"https:\/\/tants.huvila.ee\/esileht\/wp-json\/wp\/v2\/pages"}],"about":[{"href":"https:\/\/tants.huvila.ee\/esileht\/wp-json\/wp\/v2\/types\/page"}],"author":[{"embeddable":true,"href":"https:\/\/tants.huvila.ee\/esileht\/wp-json\/wp\/v2\/users\/1"}],"replies":[{"embeddable":true,"href":"https:\/\/tants.huvila.ee\/esileht\/wp-json\/wp\/v2\/comments?post=58225"}],"version-history":[{"count":4,"href":"https:\/\/tants.huvila.ee\/esileht\/wp-json\/wp\/v2\/pages\/58225\/revisions"}],"predecessor-version":[{"id":58238,"href":"https:\/\/tants.huvila.ee\/esileht\/wp-json\/wp\/v2\/pages\/58225\/revisions\/58238"}],"wp:attachment":[{"href":"https:\/\/tants.huvila.ee\/esileht\/wp-json\/wp\/v2\/media?parent=58225"}],"curies":[{"name":"wp","href":"https:\/\/api.w.org\/{rel}","templated":true}]}}