{"id":58277,"date":"2023-08-12T13:00:50","date_gmt":"2023-08-12T10:00:50","guid":{"rendered":"https:\/\/tants.huvila.ee\/esileht\/?page_id=58277"},"modified":"2025-12-08T15:49:42","modified_gmt":"2025-12-08T12:49:42","slug":"registreeri-proovitrenn","status":"publish","type":"page","link":"https:\/\/tants.huvila.ee\/esileht\/registreeri-proovitrenn\/","title":{"rendered":"Registreeri proovitrenni"},"content":{"rendered":"<p>[vc_row][vc_column][vc_column_text]<\/p>\n<p>Ootame sind hea meelega k\u00f5igepealt proovitrenni katsetama.<br \/>Treeningutega liitumise korral tasuta proovitreeningut treeningute tasust maha ei arvestata ning treeningutel osalemist loetakse alates proovitreeningust.<br \/>\nKui treeningutega ei j\u00e4tkata, siis proovitrenni eest eraldi tasuma ei pea. <br \/>T\u00e4ida \u00e4ra all olev vorm:<br \/><form enctype=\"multipart\/form-data\" method=\"post\" id=\"psfb44597\" action=\"https:\/\/tants.huvila.ee\/esileht\/registreeri-proovitrenn\/\" class=\"planso-form-builder\" data-id=\"44597\" data-cnt=\"1\" id=\"planso_forms_44597_1\" data-locale=\"et\" data-locale_long=\"et\" data-datepicker=\"bootstrap-datetimepicker\" data-date_format=\"j F, Y\" data-moment_date_format=\"D MMMM, YYYY\" data-jqueryui_date_format=\"d MM, yy\" data-eternicode_date_format=\"d MM, yyyy\"><div class=\"container-fluid\"><input type=\"hidden\" name=\"psfb_pageurl\" value=\"https:\/\/tants.huvila.ee\/esileht\/registreeri-proovitrenn\/\"\/><input type=\"hidden\" name=\"psfb_userip\" value=\"216.73.216.175\"\/><input type=\"hidden\" name=\"psfb_useragent\" value=\"Mozilla\/5.0 AppleWebKit\/537.36 (KHTML, like Gecko; compatible; ClaudeBot\/1.0; +claudebot@anthropic.com)\"\/><input type=\"hidden\" name=\"psfb_landingpage\" value=\"http:\/\/tants.huvila.ee\/esileht\/wp-json\/wp\/v2\/pages\/58277\"\/><input type=\"hidden\" name=\"psfb_referer\" value=\"Direct\"\/><input type=\"hidden\" name=\"psfb_page_id\" value=\"58277\"\/><input type=\"hidden\" name=\"psfb_form_submit\" value=\"1\"\/><input type=\"hidden\" name=\"psfb_form_id\" value=\"44597\"\/><input type=\"hidden\" name=\"psfb_form_cnt\" value=\"1\"\/><div style=\"display:none\"><input type=\"text\" name=\"psfb_hon_as\"\/><\/div><div style=\"display:none\"><input type=\"text\" name=\"psfb_hon_as2\" id=\"psfb_hon_as2_44597_1\" value=\"824064e92a425bd0e8c0c8b671efd6e3\"\/><\/div><div style=\"display:none\"><input type=\"text\" name=\"psfb_cnt_check\" value=\"1\"\/><\/div><input type=\"hidden\" autocomplete=\"off\" autocorrect=\"off\" name=\"N-Tb-y-lV-Sxsi-hOya-N\" value=\"\" \/><div class=\"row\"><div class=\"col-md-12\"><div class=\"form-group psfb-single-container\"><input type=\"text\" required=\"required\" data-required=\"required\" name=\"Osaleja_nimi\" placeholder=\"Osaleja nimi\" class=\"form-control  \" id=\"psfield_44597_1\" style=\"\"\/><\/div><\/div><\/div><div class=\"row\"><div class=\"col-md-12\"><div class=\"form-group psfb-single-container\"><input type=\"number\" required=\"required\" data-required=\"required\" name=\"Osaleja_vanus\" placeholder=\"Osaleja vanus\" class=\"form-control  \" id=\"psfield_44597_2\" style=\"\"\/><\/div><\/div><\/div><div class=\"row\"><div class=\"col-md-12\"><div class=\"form-group psfb-single-container\"><input type=\"email\" required=\"required\" data-required=\"required\" name=\"Kontakt_email\" placeholder=\"Kontakt email\" class=\"form-control  \" id=\"psfield_44597_3\" style=\"\"\/><\/div><\/div><\/div><div class=\"row\"><div class=\"col-md-12\"><div class=\"form-group psfb-single-container\"><input type=\"tel\" required=\"required\" data-required=\"required\" name=\"Mobile_phone\" placeholder=\"Kontakt telefon\" class=\"form-control  \" id=\"psfield_44597_4\" style=\"\"\/><\/div><\/div><\/div><div class=\"row\"><div class=\"col-md-12\"><div class=\"form-group psfb-single-container\"><label class=\"control-label\" for=\"psfield_44597_5\">Vali proovitrenn, kuhu ennast kirja paned<span class=\"psfb_required_mark\">*<\/span><\/label><div class=\"checkbox_wrapper\"><div class=\"checkbox\"><label class=\"checkbox_wrapper\" style=\"\"><input data-required=\"required\" type=\"checkbox\" value=\"Showtants Lapsed\" name=\"Vali_proovitrenn__kuhu_ennast_kirja_paned[]\" id=\"psfield_44597_5_1\">Showtants Lapsed<\/label><\/div><div class=\"checkbox\"><label class=\"checkbox_wrapper\" style=\"\"><input data-required=\"required\" type=\"checkbox\" value=\"Showtants Noored\" name=\"Vali_proovitrenn__kuhu_ennast_kirja_paned[]\" id=\"psfield_44597_5_2\">Showtants Noored<\/label><\/div><div class=\"checkbox\"><label class=\"checkbox_wrapper\" style=\"\"><input data-required=\"required\" type=\"checkbox\" value=\"Tantsumix 1-3 klass\" name=\"Vali_proovitrenn__kuhu_ennast_kirja_paned[]\" id=\"psfield_44597_5_3\">Tantsumix 1-3 klass<\/label><\/div><div class=\"checkbox\"><label class=\"checkbox_wrapper\" style=\"\"><input data-required=\"required\" type=\"checkbox\" value=\"Minid Vikerkaare lasteaed\" name=\"Vali_proovitrenn__kuhu_ennast_kirja_paned[]\" id=\"psfield_44597_5_4\">Minid Vikerkaare lasteaed<\/label><\/div><div class=\"checkbox\"><label class=\"checkbox_wrapper\" style=\"\"><input data-required=\"required\" type=\"checkbox\" value=\"Minid Rukkilille lasteaed\" name=\"Vali_proovitrenn__kuhu_ennast_kirja_paned[]\" id=\"psfield_44597_5_5\">Minid Rukkilille lasteaed<\/label><\/div><div class=\"checkbox\"><label class=\"checkbox_wrapper\" style=\"\"><input data-required=\"required\" type=\"checkbox\" value=\"Minide tantsimine (4.-6.a) Keila Kool\" name=\"Vali_proovitrenn__kuhu_ennast_kirja_paned[]\" id=\"psfield_44597_5_6\">Minide tantsimine (4.-6.a) Keila Kool<\/label><\/div><div class=\"checkbox\"><label class=\"checkbox_wrapper\" style=\"\"><input data-required=\"required\" type=\"checkbox\" value=\"Minide tantsimine (3.-5.a) Keila Kool\" name=\"Vali_proovitrenn__kuhu_ennast_kirja_paned[]\" id=\"psfield_44597_5_7\">Minide tantsimine (3.-5.a) Keila Kool<\/label><\/div><div class=\"checkbox\"><label class=\"checkbox_wrapper\" style=\"\"><input data-required=\"required\" type=\"checkbox\" value=\"AllShow Cheerleaders\" name=\"Vali_proovitrenn__kuhu_ennast_kirja_paned[]\" id=\"psfield_44597_5_8\">AllShow Cheerleaders<\/label><\/div><div class=\"checkbox\"><label class=\"checkbox_wrapper\" style=\"\"><input data-required=\"required\" type=\"checkbox\" value=\"Ei tea millist gruppi valida - vajan abi suunamisel\" name=\"Vali_proovitrenn__kuhu_ennast_kirja_paned[]\" id=\"psfield_44597_5_9\">Ei tea millist gruppi valida - vajan abi suunamisel<\/label><\/div><\/div><\/div><\/div><\/div><div class=\"row\"><div class=\"col-md-12\"><div class=\"form-group psfb-single-container\"><label class=\"control-label\" for=\"psfield_44597_6\">Juhul, kui valisite lasteaia grupi, siis m\u00e4rgi siia r\u00fchm:<\/label><input type=\"text\" name=\"Juhul__kui_valisite_lasteaia_grupi__siis_m_rgi_siia_r_hm_\" placeholder=\"R\u00fchm, kus laps k\u00e4ib\" class=\"form-control  \" id=\"psfield_44597_6\" style=\"\"\/><\/div><\/div><\/div><div class=\"row\"><div class=\"col-md-12\"><div class=\"form-group psfb-single-container\"><label class=\"control-label\" for=\"psfield_44597_7\">Proovitrenn on tasuta. P\u00e4rast proovitrennis osalemist j\u00e4tkamise korral palume t\u00e4ita kodulehek\u00fcljel stuudiosse registreeringu vorm.<\/label><input type=\"text\" name=\"Proovitrenn_on_tasuta__P_rast_proovitrennis_osalemist_j_tkamise_korral_palume_t_ita_kodulehek_ljel_stuudiosse_registreeringu_vorm_\" placeholder=\"K\u00fcsimused v\u00f5i lisainfo\" class=\"form-control  \" id=\"psfield_44597_7\" style=\"\"\/><\/div><\/div><\/div><div class=\"row\"><div class=\"col-md-12\"><div class=\"form-group psfb-single-container\"><div style=\"position:relative;z-index:1;\"><button type=\"submit\" class=\"btn btn-primary                                               \" id=\"psfield_44597_8\" style=\"\">Registreeri<\/button><\/div><\/div><\/div><\/div><\/div><\/form><\/p>\n<p>[\/vc_column_text][\/vc_column][\/vc_row][vc_row][vc_column][\/vc_column][\/vc_row]<\/p>\n","protected":false},"excerpt":{"rendered":"<p>[vc_row][vc_column][vc_column_text] Ootame sind hea meelega k\u00f5igepealt proovitrenni katsetama.Treeningutega liitumise korral tasuta proovitreeningut treeningute tasust maha ei arvestata ning treeningutel osalemist loetakse alates proovitreeningust. Kui treeningutega ei j\u00e4tkata, siis proovitrenni eest eraldi tasuma ei pea. T\u00e4ida \u00e4ra all olev vorm: [\/vc_column_text][\/vc_column][\/vc_row][vc_row][vc_column][\/vc_column][\/vc_row]<\/p>\n","protected":false},"author":1,"featured_media":0,"parent":0,"menu_order":0,"comment_status":"closed","ping_status":"closed","template":"","meta":[],"_links":{"self":[{"href":"https:\/\/tants.huvila.ee\/esileht\/wp-json\/wp\/v2\/pages\/58277"}],"collection":[{"href":"https:\/\/tants.huvila.ee\/esileht\/wp-json\/wp\/v2\/pages"}],"about":[{"href":"https:\/\/tants.huvila.ee\/esileht\/wp-json\/wp\/v2\/types\/page"}],"author":[{"embeddable":true,"href":"https:\/\/tants.huvila.ee\/esileht\/wp-json\/wp\/v2\/users\/1"}],"replies":[{"embeddable":true,"href":"https:\/\/tants.huvila.ee\/esileht\/wp-json\/wp\/v2\/comments?post=58277"}],"version-history":[{"count":9,"href":"https:\/\/tants.huvila.ee\/esileht\/wp-json\/wp\/v2\/pages\/58277\/revisions"}],"predecessor-version":[{"id":59691,"href":"https:\/\/tants.huvila.ee\/esileht\/wp-json\/wp\/v2\/pages\/58277\/revisions\/59691"}],"wp:attachment":[{"href":"https:\/\/tants.huvila.ee\/esileht\/wp-json\/wp\/v2\/media?parent=58277"}],"curies":[{"name":"wp","href":"https:\/\/api.w.org\/{rel}","templated":true}]}}