{"id":58844,"date":"2024-05-24T16:58:55","date_gmt":"2024-05-24T13:58:55","guid":{"rendered":"https:\/\/tants.huvila.ee\/esileht\/?page_id=58844"},"modified":"2024-05-24T20:00:17","modified_gmt":"2024-05-24T17:00:17","slug":"showprogramm","status":"publish","type":"page","link":"https:\/\/tants.huvila.ee\/esileht\/showprogramm\/","title":{"rendered":"Showprogramm"},"content":{"rendered":"<p>[vc_row][vc_column][vc_custom_heading text=&#8221;Showprogramm&#8221; font_container=&#8221;tag:h1|text_align:left&#8221; use_theme_fonts=&#8221;yes&#8221;][vc_column_text]Pakume meeldej\u00e4\u00e4vaid tantsulisi showprogramme \u00fcritustele, go-go tantsijaid, kui ka lihtsalt silmailu. Meie tantsijad on pikaaegse kogemusega professionaalsed tantsijad ja treenerid. Programm ja kost\u00fc\u00fcmid pannakse kokku vastavalt \u00fcritusele ja soovidele. Teeme omaltpoolt k\u00f5ik, et teie \u00fcritusele s\u00e4ra ja effekti lisada!<\/p>\n<p>Info ja p\u00e4ringud: sigrid@diva.ee[\/vc_column_text][\/vc_column][\/vc_row][vc_row][vc_column width=&#8221;1\/2&#8243;][vc_single_image image=&#8221;58847&#8243; img_size=&#8221;full&#8221;][\/vc_column][vc_column width=&#8221;1\/2&#8243;][vc_custom_heading text=&#8221;Artistidega koost\u00f6\u00f6&#8221; use_theme_fonts=&#8221;yes&#8221;][vc_column_text]Teeme koost\u00f6\u00f6d erinevate artistidega ja \u00fcritustega lavashowdele, valikus ka go-go esitused. Kirjuta meile oma soov ning meie tegeleme juba \u00fclej\u00e4\u00e4nuga.<\/p>\n<p>Pilt: We love the 90&#8217;s show programm artistidega.[\/vc_column_text][\/vc_column][\/vc_row][vc_row][vc_column width=&#8221;1\/2&#8243;][vc_single_image image=&#8221;58849&#8243; img_size=&#8221;full&#8221;][\/vc_column][vc_column width=&#8221;1\/2&#8243;][vc_custom_heading text=&#8221;Spordi\u00fcritused&#8221; use_theme_fonts=&#8221;yes&#8221;][vc_column_text]Spordi\u00fcritustele tantsuprogrammid v\u00f5i silmailu.<\/p>\n<p>Spordi\u00fcrituste m\u00f5ned n\u00e4ited koost\u00f6\u00f6st: Rally Estonia, Trixs motokross, Fightland, Warrior Fights, Xplosion.<\/p>\n<p>Pilt: Warrior Fight Saku Suurhallis[\/vc_column_text][\/vc_column][\/vc_row][vc_row][vc_column width=&#8221;1\/2&#8243;][vc_single_image image=&#8221;58850&#8243; img_size=&#8221;full&#8221;][vc_separator][\/vc_column][vc_column width=&#8221;1\/2&#8243;][vc_custom_heading text=&#8221;Tantsut\u00fcdrukud&#8221; use_theme_fonts=&#8221;yes&#8221;][vc_column_text]Telli meie tantsut\u00fcdrukute Showprogramm.<br \/>\n&#8211; Kogemus spordiv\u00f5istlustel ergutamisega seitse aastat.<br \/>\n&#8211; Eesti Meistriv\u00f5istlustel saavutanud 3. koha ning tantsuv\u00f5istlustel nii 1. kohti, kui muid poodiumikohti.<\/p>\n<p>\u00dche m\u00e4ngu jooksul kasutame palju erinevaid stiile koreograafiad: rock, show, naiselik, heels, hip-hop jne.<br \/>\nMeie etteasted on kaasahaarvad ja rahvast ergutavad. Elamus garanteeritud!<br \/>\nKasutame ka palju vahendeid: sahistid, lehvikud, r\u00f5ngad, suured seelikud jne.<\/p>\n<p>Suur kost\u00fc\u00fcmivalik.<\/p>\n<p>Koost\u00f6\u00f6d: Keila Coolbet, N\u00f5mme Kalju, Tallinna Kalev, T\u00e4htede M\u00e4ng, Eesti Korvpalliliit.<\/p>\n<p>Pilt: Keila Coolbet Paf Eesti-L\u00e4ti \u00fchisliiga[\/vc_column_text][\/vc_column][\/vc_row]<\/p>\n","protected":false},"excerpt":{"rendered":"<p>[vc_row][vc_column][vc_custom_heading text=&#8221;Showprogramm&#8221; font_container=&#8221;tag:h1|text_align:left&#8221; use_theme_fonts=&#8221;yes&#8221;][vc_column_text]Pakume meeldej\u00e4\u00e4vaid tantsulisi showprogramme \u00fcritustele, go-go tantsijaid, kui ka lihtsalt silmailu. Meie tantsijad on pikaaegse kogemusega professionaalsed tantsijad ja treenerid. Programm ja kost\u00fc\u00fcmid pannakse kokku vastavalt \u00fcritusele ja soovidele. Teeme omaltpoolt k\u00f5ik, et teie \u00fcritusele s\u00e4ra ja effekti lisada! Info ja p\u00e4ringud: sigrid@diva.ee[\/vc_column_text][\/vc_column][\/vc_row][vc_row][vc_column width=&#8221;1\/2&#8243;][vc_single_image image=&#8221;58847&#8243; img_size=&#8221;full&#8221;][\/vc_column][vc_column width=&#8221;1\/2&#8243;][vc_custom_heading [&hellip;]<\/p>\n","protected":false},"author":1,"featured_media":0,"parent":0,"menu_order":0,"comment_status":"closed","ping_status":"closed","template":"","meta":[],"_links":{"self":[{"href":"https:\/\/tants.huvila.ee\/esileht\/wp-json\/wp\/v2\/pages\/58844"}],"collection":[{"href":"https:\/\/tants.huvila.ee\/esileht\/wp-json\/wp\/v2\/pages"}],"about":[{"href":"https:\/\/tants.huvila.ee\/esileht\/wp-json\/wp\/v2\/types\/page"}],"author":[{"embeddable":true,"href":"https:\/\/tants.huvila.ee\/esileht\/wp-json\/wp\/v2\/users\/1"}],"replies":[{"embeddable":true,"href":"https:\/\/tants.huvila.ee\/esileht\/wp-json\/wp\/v2\/comments?post=58844"}],"version-history":[{"count":20,"href":"https:\/\/tants.huvila.ee\/esileht\/wp-json\/wp\/v2\/pages\/58844\/revisions"}],"predecessor-version":[{"id":58870,"href":"https:\/\/tants.huvila.ee\/esileht\/wp-json\/wp\/v2\/pages\/58844\/revisions\/58870"}],"wp:attachment":[{"href":"https:\/\/tants.huvila.ee\/esileht\/wp-json\/wp\/v2\/media?parent=58844"}],"curies":[{"name":"wp","href":"https:\/\/api.w.org\/{rel}","templated":true}]}}