{"id":6564,"date":"2016-11-09T12:11:53","date_gmt":"2016-11-09T09:11:53","guid":{"rendered":"http:\/\/tants.huvila.ee\/esileht\/?page_id=6564"},"modified":"2026-04-08T12:49:45","modified_gmt":"2026-04-08T09:49:45","slug":"leping-ja-maksetingimused","status":"publish","type":"page","link":"https:\/\/tants.huvila.ee\/esileht\/meist\/leping-ja-maksetingimused\/","title":{"rendered":"Leping ja maksetingimused"},"content":{"rendered":"<p>[vc_row][vc_column][vc_column_text]<\/p>\n<p><strong><\/p>\n<p>DIVA TANTSUSTUUDIO MT\u00dc LEPING JA MAKSETINGIMUSED<\/p>\n<p><\/strong><br \/><strong><\/p>\n<p>1. TINGIMUSTES KASUTATAVAD M\u00d5ISTED<br \/><\/strong><br \/>1.1. Stuudio \u2013 Diva Tantsutuudio MT\u00dc, registrikood 80381849, e-post diva@diva.ee<br \/>1.2. Klient v\u00f5i treenitav \u2013 isik, kes osaleb stuudio poolt korraldatavatel treeningutel. Alaealise kliendi puhul vastutab kliendi seaduslik esindaja stuudio ees kliendiga solidaarselt lepingust tulenevate kohustuste t\u00e4itmise eest.<br \/>1.3. Leping \u2013 kliendileping, mille klient s\u00f5lmib tehes stuudiosse registreeringu (n\u00f5ustudes lepingu ja maksetingimustega registreerimise vormis) ning mille lahutamatuks osaks on k\u00e4esolevad MT\u00dc Diva Tantsustuudio kliendilepingu \u00fcldtingimused.<\/p>\n<p><strong><\/p>\n<p>2. LEPINGU ESE<br \/><\/strong><br \/>2.1. Lepingu kehtivuse ajal v\u00f5imaldab stuudio kliendil osaleda stuudio poolt korraldatavates treeningutes vastavalt stuudio poolt kehtestatud regulaarsete treeningute ajakavale. Lisaks pakub klubi kliendile v\u00f5imalust osaleda lisatreeningutes, t\u00f6\u00f6tubades, laagrites ja teistel \u00fcritustel, mille osas stuudio annab eelnevalt lisateavet ja osalemine on vabatahtlik.<\/p>\n<p><strong><\/p>\n<p>3. LEPINGU MAKSETINGIMUSED<\/p>\n<p><\/strong><\/p>\n<p>3.1. Stuudio treeningute eest tasumine toimub kalendrikuu alusel v\u00e4lja arvatud kui olete valinud trennip\u00f5hise tasumise.<br \/>3.2 \u00dcks proovitreening on tasuta. Treeningutega liitumise korral tasuta proovitreeningut treeningute tasust maha ei arvestata ning treeningutel osalemist loetakse alates proovitreeningust.<br \/>3.3 Kalendrikuu eest tasutakse Diva Tantsustuudio poolt e-posti teel esitatud arve alusel.<br \/>3.4 Liitudes poole kuu pealt, tuleb tasuda terve kuutasu jooksva kuu eest<br \/>3.5 Makset\u00e4htaega \u00fcletades on Stuudiol \u00f5igus lisada arvel m\u00e4rgitud viivis ning maksmata kuutasu iga meeldetuletuse eest kuumaksule lisaks 5\u20ac (viis eurot).<br \/>3.6 Kuup\u00f5hiselt tellitud treeningute \u00fcksikutest v\u00f5i k\u00f5igist tundidest puudumine ei vabasta kuutasu tasumisest v\u00e4lja arvatud juhul:<br \/>3.6.1 puudutakse j\u00e4rjestikku v\u00e4hemalt \u00fche terve kalendrikuu ning sellisel juhul tuleb tasuda kuutasust -50% ehk ainult kohatasu tasumine. Kohatasu tagab koha grupis. Soodustuse saamiseks tuleb kirjutada e-posti aadressile: diva@diva.ee<br \/>3.7 Igal v\u00f5istlustel osalemisel tuleb lisaks v\u00f5istluste osalustasule tasuda 5\u20ac, mis on m\u00f5lednud treeneritasuna.<br \/>\n3.8. Makset\u00e4htajaks tasumata j\u00e4tmisel on stuudiol \u00f5igus treenitavat treeningutele mitte lubada kuni v\u00f5lgnevuse tasumiseni.<br \/>39. Stuudio treeningutes osalenud laste vanematel ei ole v\u00f5imalik maksustamisperioodi tulust maha arvata maksustamisperioodil tasutud kulusid, kuna Diva Tantsustuudio ei kvalifitseeru seaduse alusel selleks kohustatud asutuste alla.<br \/>3.10 Koolivaheaegadel ei toimu treeninguid va. mudilased ja lasteaiad. Kuutasu sellest ei muutu.<br \/>3.11 Riiklikel p\u00fchadel stuudios treeninguid ei toimu \u00fchelgi grupil.<\/p>\n<p><strong><\/p>\n<p>4. LEPINGU KEHTIVUS JA TREENINGUTEST LOOBUMINE<br \/><\/strong><br \/>4.1 Leping ja maksetingimused j\u00f5ustuvad kliendi poolt lepingutingimustega n\u00f5ustumisest stuudio kodulehek\u00fcljel registreeringu vormi all ning kehtib kuni hooaja l\u00f5puni, milleks on 31. mai 2026.<br \/>4.2 Kliendil on v\u00f5imalik lepingut igal ajal l\u00f5petada, esitades 30 p\u00e4evase etteteavituse ajaga stuudiole vastavasisulise avalduse kirjalikult stuudio e-posti aadressile diva@diva.ee. Teatamata j\u00e4tmise korral on Stuudiol \u00f5igus n\u00f5uda treeningute eest tasumist kuumaksu alusel vastavalt maksetingimustes s\u00e4testatud punktidele ja kehtivale hinnakirjale.<br \/>4.3 Keila noorte ja Minid Keila Kooli grupi liikmetel tuleb lisaks teavitamisele kinnitada lahkumine stuudiost Keila linna huvitegevuse kodulehek\u00fcljel.<\/p>\n<p><strong><\/p>\n<p>5. POOLTE \u00d5IGUSED JA KOHUSTUSED<br \/><\/strong><br \/>5.1  Kliendil on \u00f5igus vastavalt lepingule osaleda treeningutes, kokkulepitud esinemistel.<br \/>5.2. Kliendil on kohustus j\u00e4rgida stuudio poolt kehtestatud ohutuse- ja korralduslikke reegleid. Stuudio treener tutvustab vastavaid reegleid kliendile enne treeningute algust.<br \/>5.3 Stuudiol on \u00f5igus teha regulaarsete treeningute ajakavas muudatusi v\u00f5i j\u00e4tta treeninguid m\u00f5juval p\u00f5hjusel \u00e4ra, sellest eelnevalt klienti informeerides.<br \/>5.4 Stuudio (sh. treenerid ega kaastreenijad) ei vastuta muuhulgas kliendiga juhtuda v\u00f5ivate \u00f5nnetuste, v\u00f5imalike vigastuste, haigestumise, stuudio ruumides hoitava isikliku vara s\u00e4ilimise eest, sh kaotatud, kolmanda isiku poolt kahjustatud v\u00f5i varastatud esemete eest. Stuudio teenuste ja vahendite kasutamine toimub kliendi vastutusel ja lepingu s\u00f5lmimisega klient kinnitab, et stuudio poolt v\u00f5imaldatavad tegevused ei ole talle vastun\u00e4idustatud.<br \/>5.5 Stuudiol on \u00f5igus Hinnakirja, Maksetingimusi ja muid teenuselepingu osaks saanud tingimusi igal ajal muuta, teatades sellest ette v\u00e4hemalt 15 kalendrip\u00e4eva ja avaldades muudetud tingimused Diva veebilehel (www.diva.ee). Muudatustega mitten\u00f5ustumisel tuleb esitada treeningutest loobumise teade.<\/p>\n<p><strong><\/p>\n<p>6. KLIENDI ISIKUANDMETE T\u00d6\u00d6TLEMISE P\u00d5HIM\u00d5TTED<br \/><\/strong><br \/>6.1 Diva Tantsustuudio t\u00f6\u00f6tleb kliendi isikuandmeid lepingust tulenevate kohustuste t\u00e4itmiseks, stuudio t\u00f6\u00f6 korraldamiseks ja kliendiga info vahetamiseks.<br \/>6.2 T\u00e4htaegselt tasumata summade osas v\u00f5ib stuudio edastada info kliendi v\u00f5lgnevuse kohta v\u00f5lgade sissen\u00f5udmisega tegelevale isikule ja makseh\u00e4ireid kajastavatele isikutele nagu Krediidiinfo, kes v\u00f5ivad neid t\u00f6\u00f6delda krediidiotsuste langetamise eesm\u00e4rgil vastava isiku poolt hallatavas makseh\u00e4irete registris.<br \/>6.3 Diva Tantstustuudo v\u00f5ib treenitavast tehtud pilte ja videoid avaldada Diva Tantstustuudio sotsiaalmeedia lehtedel ja kodulehek\u00fcljel.<\/p>\n<p><strong><\/p>\n<p>7. L\u00d5PPS\u00c4TTED<br \/><\/strong><br \/>7.1. Alaealise kliendi puhul vastutab kliendi seaduslik esindaja stuudio ees kliendiga solidaarselt lepingust tulenevate kohustuste t\u00e4itmise eest.<br \/>7.2. Lepingu mis tahes s\u00e4tte t\u00e4ielik v\u00f5i osaline t\u00fchisus ei too endaga kaasa kogu lepingu t\u00fchisust ja t\u00fchine s\u00e4te asendatakse osaliselt v\u00f5i tervikuna sisu poolest v\u00f5imalikult l\u00e4hedase kehtiva s\u00e4ttega.<\/p>\n<p><strong><\/p>\n<p>KEILA LINNAS TOIMUVATE NOORTE GRUPPIDE KUUTASUDE INFO (va Rukkilille lasteaed ja v\u00f5istlusgrupid):<\/p>\n<p><strong><\/p>\n<p>Hinnakirjas v\u00e4ljatoodud kuutasud on m\u00f5eldud Keila linna ja L\u00e4\u00e4ne-Harju valda sissekirjutusega lastele.<\/p>\n<p>Keila linna sissekirjutuse puhul, peab olema, lisaks lapsele, v\u00e4hemalt \u00fcks lapsevanem sisse kantud Keila linna elanike registrisse.<\/p>\n<p>Muu omavalitsuse lapse osalustasule lisandub +20\u20ac kuus ja mudilaste puhul +10\u20ac.<br \/>Keila linna sissekirjutuse t\u00e4psustus: Kui v\u00e4hemalt \u00fchel lapsevanemal\/hooldajal Keila linna sissekirjutus puudub, v\u00f5rtsustatatakse laps samadel tingimustel nagu muu omavalitsuse sissekirjutuse korral.<\/p>\n<p>[\/vc_column_text][\/vc_column][\/vc_row][vc_row][vc_column width=&#8221;1\/3&#8243;]<div class=\"pricing-table-gl content-layout wow fadeInUp\">    <div class=\"pricing-table-header\">   <h5 class=\"pricing-title\">Minid<\/h5>  <p class=\"pricing-rate\">\u20ac <span>Kuutasud<\/span><\/p><\/div>  <div class=\"pricing-features\"><ul><li class=\"\">\u2022 1x n\u00e4dalas lasteaiad 35\u20ac\n <\/li><li class=\"\">\u2022 1x n\u00e4dalas Keila Kool 39\u20ac\n <\/li><li class=\"\">\u2022 2x n\u00e4dalas 55\u20ac\n <\/li><li class=\"\">\u2022 Soolod ja duod kokkuleppel\n <\/li>  <\/ul>  <a href=\"http:\/\/tants.huvila.ee\/esileht\/registreeru\/\" class=\"btn pricing-table-btn\">REGISTREERU<\/a> <\/div> <\/div>[\/vc_column][vc_column width=&#8221;1\/3&#8243;]<div class=\"pricing-table-gl content-layout wow fadeInUp\">    <div class=\"pricing-table-header\">   <h5 class=\"pricing-title\">Lapsed &amp; Noored<\/h5>  <p class=\"pricing-rate\">\u20ac <span>Kuutasud<\/span><\/p><\/div>  <div class=\"pricing-features\"><ul><li class=\"\">\u2022 1x n\u00e4dalas 39\u20ac\n <\/li><li class=\"\">\u2022 2x n\u00e4dalas 60 min 59\u20ac\n <\/li><li class=\"\">\u2022 2x n\u00e4dalas 90 min 75\u20ac\n <\/li><li class=\"\">\u2022 Eratund 55\u20ac k\u00f5ik treenerid\n <\/li><li class=\"\">\u2022 Soolod ja duod kokkuleppel\n <\/li>  <\/ul>  <a href=\"http:\/\/tants.huvila.ee\/esileht\/registreeru\/\" class=\"btn pricing-table-btn\">REGISTREERU<\/a> <\/div> <\/div>[\/vc_column][vc_column width=&#8221;1\/3&#8243;]<div class=\"pricing-table-gl content-layout wow fadeInUp\">    <div class=\"pricing-table-header\">   <h5 class=\"pricing-title\">T\u00e4iskasvanud<\/h5>  <p class=\"pricing-rate\">\u20ac <span>Kuutasud<\/span><\/p><\/div>  <div class=\"pricing-features\"><ul><li class=\"\">\u2022 1x n\u00e4dalas 90 min Performance 45\u20ac\n <\/li><li class=\"\">\u2022 AllShow Cheerleaders 45\u20ac <\/li>  <\/ul>  <a href=\"http:\/\/tants.huvila.ee\/esileht\/registreeru\/\" class=\"btn pricing-table-btn\">REGISTREERU<\/a> <\/div> <\/div>[\/vc_column][\/vc_row][vc_row][vc_column el_class=&#8221;Korduma kippuvad k\u00fcsimused&#8221;][vc_separator][vc_toggle title=&#8221;Kuidas toimub treeningute eest tasumine ja millised on maksetingimused?&#8221; el_id=&#8221;1562177936160-c84b146f-8687&#8243;]Treeningute eest tasutakse arve alusel, mis saadetakse Teie poolt registreerumisel kirja pandud e-posti aadressile.<br \/>\nTreeningute eest tasutakse kuude l\u00f5ikes.<br \/>\nJuhul, kui te soovite tasuda poolaasta v\u00f5i kogu aasta kaupa, siis palume meid eraldi teavitada e-posti aadressile diva@diva.ee<\/p>\n<p>Arve esitatakse iga kuu alguses 1.- 10.nda kuup\u00e4eva vahemikus.<\/p>\n<p>Puudutud \u00fcksikute treeningute eest raha ei tagastata.<\/p>\n<p>Kuustasusid ei tagastata stuudiost mitte s\u00f5ltumatutel p\u00f5hjustel.[\/vc_toggle][vc_toggle title=&#8221;Kui laps on kaua trennist puudunud, kas v\u00f5ime maksta v\u00e4hem kuutasu?&#8221; el_id=&#8221;1562178372617-4ea88bbc-1384&#8243;]Kuutasu on koguaeg \u00fchesugune, vaatamata, kui palju laps trennist puudub. Juhul, kui laps puudub terve kuu \u00fche kalendrikuu arvestuses, siis on v\u00f5imalik tasuda vaid kohatasu, milleks on 50% kuutasust. Soodustuse saamiseks palume kirjutada avaldus e-posti aadressile diva@diva.ee[\/vc_toggle][vc_toggle title=&#8221;Kui oleme otsustanud treeningutest loobuda, mida teha?&#8221; el_id=&#8221;1562177998669-90840805-7d8d&#8221;]Treeningutest loobumise korral tuleb sellest teavitada e-mailile diva@diva.ee ette v\u00e4hemalt 1 kuu, mitteteavitamise korral tuleb kuutasud siiski tasuda.[\/vc_toggle][vc_toggle title=&#8221;Kas on v\u00f5imalik saada tulumaksu tagastust?&#8221; el_id=&#8221;1562178287480-c23b3a73-3f71&#8243;]Diva Tantsustuudio treeningutes osalenud laste vanematel ei ole v\u00f5imalik maksustamisperioodi tulust maha arvata maksustamisperioodil tasutud kulusid, kuna Diva Tantsustuudio ei kvalifitseeru seaduse alusel selleks kohustatud asutuste alla.[\/vc_toggle][vc_toggle title=&#8221;Laps ei soovi \u00fcldse esineda, kas esinemine on kohustuslik?&#8221; el_id=&#8221;1562178323479-d760c0de-836d&#8221;]Ootame treeningutesse alati ka lapsi, kes tahavad lihtsalt liikumisest r\u00f5\u00f5mu tunda ja sporti teha. Kuid julgustame alati lapsi siiski ka esinemistest osa v\u00f5tma saades seejuures juurde enesekindlust ning julgust laval ka edaspidi s\u00e4rada.<br \/>\nJuhul, kui laps ei soovi esineda, tuleb sellest hooaja alguses treenerit teavitada.[\/vc_toggle][vc_toggle title=&#8221;Kas koolivaheajal ja p\u00fchadel trennid toimuvad?&#8221;]Koolivaheaegadelbei toimu treeninguid kooliealistel gruppidel, mudilased ja lasteaiad toimuvad.<br \/>\nRiiklikel p\u00fchadel stuudios treeninguid ei toimu \u00fchelgi grupil.[\/vc_toggle][\/vc_column][\/vc_row][vc_row][vc_column][\/vc_column][\/vc_row]<\/p>\n","protected":false},"excerpt":{"rendered":"<p>[vc_row][vc_column][vc_column_text] DIVA TANTSUSTUUDIO MT\u00dc LEPING JA MAKSETINGIMUSED 1. TINGIMUSTES KASUTATAVAD M\u00d5ISTED1.1. Stuudio \u2013 Diva Tantsutuudio MT\u00dc, registrikood 80381849, e-post diva@diva.ee1.2. Klient v\u00f5i treenitav \u2013 isik, kes osaleb stuudio poolt korraldatavatel treeningutel. Alaealise kliendi puhul vastutab kliendi seaduslik esindaja stuudio ees kliendiga solidaarselt lepingust tulenevate kohustuste t\u00e4itmise eest.1.3. Leping \u2013 kliendileping, [&hellip;]<\/p>\n","protected":false},"author":1,"featured_media":0,"parent":4885,"menu_order":0,"comment_status":"closed","ping_status":"closed","template":"","meta":[],"_links":{"self":[{"href":"https:\/\/tants.huvila.ee\/esileht\/wp-json\/wp\/v2\/pages\/6564"}],"collection":[{"href":"https:\/\/tants.huvila.ee\/esileht\/wp-json\/wp\/v2\/pages"}],"about":[{"href":"https:\/\/tants.huvila.ee\/esileht\/wp-json\/wp\/v2\/types\/page"}],"author":[{"embeddable":true,"href":"https:\/\/tants.huvila.ee\/esileht\/wp-json\/wp\/v2\/users\/1"}],"replies":[{"embeddable":true,"href":"https:\/\/tants.huvila.ee\/esileht\/wp-json\/wp\/v2\/comments?post=6564"}],"version-history":[{"count":80,"href":"https:\/\/tants.huvila.ee\/esileht\/wp-json\/wp\/v2\/pages\/6564\/revisions"}],"predecessor-version":[{"id":59732,"href":"https:\/\/tants.huvila.ee\/esileht\/wp-json\/wp\/v2\/pages\/6564\/revisions\/59732"}],"up":[{"embeddable":true,"href":"https:\/\/tants.huvila.ee\/esileht\/wp-json\/wp\/v2\/pages\/4885"}],"wp:attachment":[{"href":"https:\/\/tants.huvila.ee\/esileht\/wp-json\/wp\/v2\/media?parent=6564"}],"curies":[{"name":"wp","href":"https:\/\/api.w.org\/{rel}","templated":true}]}}