{"id":6982,"date":"2017-01-06T13:27:30","date_gmt":"2017-01-06T10:27:30","guid":{"rendered":"http:\/\/tants.huvila.ee\/esileht\/?post_type=product&#038;p=6982"},"modified":"2017-10-27T17:35:34","modified_gmt":"2017-10-27T14:35:34","slug":"stuudio-sweatshirt","status":"publish","type":"product","link":"https:\/\/tants.huvila.ee\/esileht\/toode\/stuudio-sweatshirt\/","title":{"rendered":"Stuudio Sweatshirt"},"content":{"rendered":"<p>Pusa sobib nii treeninguteks, kui vabal ajal k\u00e4imiseks.<br \/>\nMaterjal \u00f5hem.<\/p>\n","protected":false},"excerpt":{"rendered":"<p>PANE T\u00c4HELE: Antud toode on tellimisega, j\u00e4rgmine tellimus kogutakse 4.aprilliks, p\u00e4rast mida saab toote k\u00e4tte 1-2 n\u00e4dala p\u00e4rast.<\/p>\n","protected":false},"featured_media":7012,"comment_status":"closed","ping_status":"closed","template":"","meta":[],"product_cat":[23,24],"product_tag":[],"_links":{"self":[{"href":"https:\/\/tants.huvila.ee\/esileht\/wp-json\/wp\/v2\/product\/6982"}],"collection":[{"href":"https:\/\/tants.huvila.ee\/esileht\/wp-json\/wp\/v2\/product"}],"about":[{"href":"https:\/\/tants.huvila.ee\/esileht\/wp-json\/wp\/v2\/types\/product"}],"replies":[{"embeddable":true,"href":"https:\/\/tants.huvila.ee\/esileht\/wp-json\/wp\/v2\/comments?post=6982"}],"wp:featuredmedia":[{"embeddable":true,"href":"https:\/\/tants.huvila.ee\/esileht\/wp-json\/wp\/v2\/media\/7012"}],"wp:attachment":[{"href":"https:\/\/tants.huvila.ee\/esileht\/wp-json\/wp\/v2\/media?parent=6982"}],"wp:term":[{"taxonomy":"product_cat","embeddable":true,"href":"https:\/\/tants.huvila.ee\/esileht\/wp-json\/wp\/v2\/product_cat?post=6982"},{"taxonomy":"product_tag","embeddable":true,"href":"https:\/\/tants.huvila.ee\/esileht\/wp-json\/wp\/v2\/product_tag?post=6982"}],"curies":[{"name":"wp","href":"https:\/\/api.w.org\/{rel}","templated":true}]}}